{"id":48,"date":"2025-05-01T21:12:15","date_gmt":"2025-05-01T19:12:15","guid":{"rendered":"https:\/\/osteriadagianni.es\/?page_id=48"},"modified":"2025-06-21T21:10:42","modified_gmt":"2025-06-21T19:10:42","slug":"about-us","status":"publish","type":"page","link":"https:\/\/osteriadagianni.es\/index.php\/about-us\/","title":{"rendered":"Sobre nosotros"},"content":{"rendered":"\t\t<div data-elementor-type=\"wp-page\" data-elementor-id=\"48\" class=\"elementor elementor-48\">\n\t\t\t\t<div class=\"elementor-element elementor-element-9f451da e-con-full e-flex e-con e-parent\" data-id=\"9f451da\" data-element_type=\"container\">\n\t\t<div class=\"elementor-element elementor-element-ab1d022 e-con-full e-flex e-con e-child\" data-id=\"ab1d022\" data-element_type=\"container\">\n\t\t\t\t<div class=\"elementor-element elementor-element-6228ab3 elementor-widget elementor-widget-image\" data-id=\"6228ab3\" data-element_type=\"widget\" data-widget_type=\"image.default\">\n\t\t\t\t<div class=\"elementor-widget-container\">\n\t\t\t\t\t\t\t\t\t\t\t\t\t\t\t<img fetchpriority=\"high\" decoding=\"async\" width=\"600\" height=\"800\" src=\"https:\/\/osteriadagianni.es\/wp-content\/uploads\/2025\/05\/chef-800x600-1.jpg\" class=\"attachment-full size-full wp-image-159\" alt=\"Chef Da Gianni\" srcset=\"https:\/\/osteriadagianni.es\/wp-content\/uploads\/2025\/05\/chef-800x600-1.jpg 600w, https:\/\/osteriadagianni.es\/wp-content\/uploads\/2025\/05\/chef-800x600-1-225x300.jpg 225w\" sizes=\"(max-width: 600px) 100vw, 600px\" \/>\t\t\t\t\t\t\t\t\t\t\t\t\t\t\t<\/div>\n\t\t\t\t<\/div>\n\t\t\t\t<\/div>\n\t\t<div class=\"elementor-element elementor-element-567de53 e-con-full e-flex e-con e-child\" data-id=\"567de53\" data-element_type=\"container\">\n\t\t\t\t<div class=\"elementor-element elementor-element-abe9dda elementor-widget elementor-widget-heading\" data-id=\"abe9dda\" data-element_type=\"widget\" data-widget_type=\"heading.default\">\n\t\t\t\t<div class=\"elementor-widget-container\">\n\t\t\t\t\t<h1 class=\"elementor-heading-title elementor-size-default\">Nuestra historia alla Gianni<\/h1>\t\t\t\t<\/div>\n\t\t\t\t<\/div>\n\t\t\t\t<div class=\"elementor-element elementor-element-5062258 elementor-widget elementor-widget-text-editor\" data-id=\"5062258\" data-element_type=\"widget\" data-widget_type=\"text-editor.default\">\n\t\t\t\t<div class=\"elementor-widget-container\">\n\t\t\t\t\t\t\t\t\t<p>Tradici\u00f3n italiana, momentos que se saborean.<\/p>\t\t\t\t\t\t\t\t<\/div>\n\t\t\t\t<\/div>\n\t\t\t\t<div class=\"elementor-element elementor-element-8d89de6 elementor-widget elementor-widget-text-editor\" data-id=\"8d89de6\" data-element_type=\"widget\" data-widget_type=\"text-editor.default\">\n\t\t\t\t<div class=\"elementor-widget-container\">\n\t\t\t\t\t\t\t\t\t<p data-start=\"495\" data-end=\"689\">Desde el primer d\u00eda, so\u00f1amos con algo simple pero poderoso: traer a Valencia el alma de una osteria italiana.<\/p><p data-start=\"495\" data-end=\"689\">Un lugar donde la pasta se sirve en sart\u00e9n, las mesas est\u00e1n cerquita y la comida se comparte con vino, risas y buena compa\u00f1\u00eda.<\/p><p data-start=\"495\" data-end=\"689\">Cada plato que sale de nuestra cocina lleva el sello de casa: recetas heredadas, ingredientes frescos y ese toque personal que solo se logra con amor y tiempo.<\/p><p data-start=\"495\" data-end=\"689\">Cocinamos como lo hac\u00eda la nonna: con paciencia, pasi\u00f3n y respeto por el sabor.<\/p><p data-start=\"495\" data-end=\"689\">Aqu\u00ed no solo vienes a comer. Vienes a vivir un momento.<br \/>De esos que te hacen decir: <strong>\u00abcos\u00ec si vive meglio\u00bb.<\/strong><\/p><p data-start=\"495\" data-end=\"689\"><strong>Benvenuto alla Osteria da Gianni.<\/strong><br \/><strong>Tu mesa ya te est\u00e1 esperando.<\/strong><\/p>\t\t\t\t\t\t\t\t<\/div>\n\t\t\t\t<\/div>\n\t\t\t\t<\/div>\n\t\t\t\t<\/div>\n\t\t<div class=\"elementor-element elementor-element-5a01c01 e-flex e-con-boxed e-con e-parent\" data-id=\"5a01c01\" data-element_type=\"container\">\n\t\t\t\t\t<div class=\"e-con-inner\">\n\t\t<div class=\"elementor-element elementor-element-b601fff e-con-full e-flex e-con e-child\" data-id=\"b601fff\" data-element_type=\"container\">\n\t\t<div class=\"elementor-element elementor-element-214a2c8 e-con-full e-flex e-con e-child\" data-id=\"214a2c8\" data-element_type=\"container\">\n\t\t\t\t<div class=\"elementor-element elementor-element-c8cd039 elementor-widget elementor-widget-image\" data-id=\"c8cd039\" data-element_type=\"widget\" data-widget_type=\"image.default\">\n\t\t\t\t<div class=\"elementor-widget-container\">\n\t\t\t\t\t\t\t\t\t\t\t\t\t\t\t<img decoding=\"async\" width=\"800\" height=\"800\" src=\"https:\/\/osteriadagianni.es\/wp-content\/uploads\/2025\/05\/mesa-para-2-800x800-1.jpg\" class=\"attachment-large size-large wp-image-232\" alt=\"\" srcset=\"https:\/\/osteriadagianni.es\/wp-content\/uploads\/2025\/05\/mesa-para-2-800x800-1.jpg 800w, https:\/\/osteriadagianni.es\/wp-content\/uploads\/2025\/05\/mesa-para-2-800x800-1-300x300.jpg 300w, https:\/\/osteriadagianni.es\/wp-content\/uploads\/2025\/05\/mesa-para-2-800x800-1-150x150.jpg 150w, https:\/\/osteriadagianni.es\/wp-content\/uploads\/2025\/05\/mesa-para-2-800x800-1-768x768.jpg 768w\" sizes=\"(max-width: 800px) 100vw, 800px\" \/>\t\t\t\t\t\t\t\t\t\t\t\t\t\t\t<\/div>\n\t\t\t\t<\/div>\n\t\t\t\t<\/div>\n\t\t\t\t<\/div>\n\t\t<div class=\"elementor-element elementor-element-77dc0dc e-con-full e-flex e-con e-child\" data-id=\"77dc0dc\" data-element_type=\"container\">\n\t\t\t\t<div class=\"elementor-element elementor-element-6e6203d elementor-widget elementor-widget-heading\" data-id=\"6e6203d\" data-element_type=\"widget\" data-widget_type=\"heading.default\">\n\t\t\t\t<div class=\"elementor-widget-container\">\n\t\t\t\t\t<h2 class=\"elementor-heading-title elementor-size-default\">\u00bfA\u00fan no nos conoces? Reserva tu mesa y descubre el sabor de Italia como nunca antes.<\/h2>\t\t\t\t<\/div>\n\t\t\t\t<\/div>\n\t\t\t\t<div class=\"elementor-element elementor-element-990a0ad elementor-align-center elementor-widget elementor-widget-button\" data-id=\"990a0ad\" data-element_type=\"widget\" data-widget_type=\"button.default\">\n\t\t\t\t<div class=\"elementor-widget-container\">\n\t\t\t\t\t\t\t\t\t<div class=\"elementor-button-wrapper\">\n\t\t\t\t\t<a class=\"elementor-button elementor-button-link elementor-size-sm\" href=\"https:\/\/www.covermanager.com\/reservation\/module_restaurant\/ristorante-osteria-da-gianni\/spanish\">\n\t\t\t\t\t\t<span class=\"elementor-button-content-wrapper\">\n\t\t\t\t\t\t\t\t\t<span class=\"elementor-button-text\">Reserva ahora<\/span>\n\t\t\t\t\t<\/span>\n\t\t\t\t\t<\/a>\n\t\t\t\t<\/div>\n\t\t\t\t\t\t\t\t<\/div>\n\t\t\t\t<\/div>\n\t\t\t\t<div class=\"elementor-element elementor-element-ebdfe0a elementor-widget elementor-widget-image\" data-id=\"ebdfe0a\" data-element_type=\"widget\" data-widget_type=\"image.default\">\n\t\t\t\t<div class=\"elementor-widget-container\">\n\t\t\t\t\t\t\t\t\t\t\t\t\t\t\t<img decoding=\"async\" width=\"295\" height=\"300\" src=\"https:\/\/osteriadagianni.es\/wp-content\/uploads\/2025\/04\/Captura_de_pantalla_2025-05-22_a_las_15.42.20-removebg-preview-295x300.png\" class=\"attachment-medium size-medium wp-image-67\" alt=\"\" srcset=\"https:\/\/osteriadagianni.es\/wp-content\/uploads\/2025\/04\/Captura_de_pantalla_2025-05-22_a_las_15.42.20-removebg-preview-295x300.png 295w, https:\/\/osteriadagianni.es\/wp-content\/uploads\/2025\/04\/Captura_de_pantalla_2025-05-22_a_las_15.42.20-removebg-preview.png 495w\" sizes=\"(max-width: 295px) 100vw, 295px\" \/>\t\t\t\t\t\t\t\t\t\t\t\t\t\t\t<\/div>\n\t\t\t\t<\/div>\n\t\t\t\t<\/div>\n\t\t\t\t\t<\/div>\n\t\t\t\t<\/div>\n\t\t\t\t<\/div>\n\t\t","protected":false},"excerpt":{"rendered":"<p>Nuestra historia alla Gianni Tradici\u00f3n italiana, momentos que se saborean. Desde el primer d\u00eda, so\u00f1amos con algo simple pero poderoso: traer a Valencia el alma de una osteria italiana. Un lugar donde la pasta se sirve en sart\u00e9n, las mesas est\u00e1n cerquita y la comida se comparte con vino, risas y buena compa\u00f1\u00eda. Cada plato [&hellip;]<\/p>\n","protected":false},"author":1,"featured_media":0,"parent":0,"menu_order":0,"comment_status":"closed","ping_status":"closed","template":"elementor_header_footer","meta":{"footnotes":""},"class_list":["post-48","page","type-page","status-publish","hentry"],"yoast_head":"<!-- This site is optimized with the Yoast SEO plugin v25.3.1 - https:\/\/yoast.com\/wordpress\/plugins\/seo\/ -->\n<title>Sobre nosotros - Osteria Da Gianni<\/title>\n<meta name=\"robots\" content=\"index, follow, max-snippet:-1, max-image-preview:large, max-video-preview:-1\" \/>\n<link rel=\"canonical\" href=\"https:\/\/osteriadagianni.es\/index.php\/about-us\/\" \/>\n<meta property=\"og:locale\" content=\"es_ES\" \/>\n<meta property=\"og:type\" content=\"article\" \/>\n<meta property=\"og:title\" content=\"Sobre nosotros - Osteria Da Gianni\" \/>\n<meta property=\"og:description\" content=\"Nuestra historia alla Gianni Tradici\u00f3n italiana, momentos que se saborean. Desde el primer d\u00eda, so\u00f1amos con algo simple pero poderoso: traer a Valencia el alma de una osteria italiana. Un lugar donde la pasta se sirve en sart\u00e9n, las mesas est\u00e1n cerquita y la comida se comparte con vino, risas y buena compa\u00f1\u00eda. Cada plato [&hellip;]\" \/>\n<meta property=\"og:url\" content=\"https:\/\/osteriadagianni.es\/index.php\/about-us\/\" \/>\n<meta property=\"og:site_name\" content=\"Osteria Da Gianni\" \/>\n<meta property=\"article:modified_time\" content=\"2025-06-21T19:10:42+00:00\" \/>\n<meta property=\"og:image\" content=\"https:\/\/osteriadagianni.es\/wp-content\/uploads\/2025\/05\/chef-800x600-1.jpg\" \/>\n\t<meta property=\"og:image:width\" content=\"600\" \/>\n\t<meta property=\"og:image:height\" content=\"800\" \/>\n\t<meta property=\"og:image:type\" content=\"image\/jpeg\" \/>\n<meta name=\"twitter:card\" content=\"summary_large_image\" \/>\n<meta name=\"twitter:label1\" content=\"Tiempo de lectura\" \/>\n\t<meta name=\"twitter:data1\" content=\"2 minutos\" \/>\n<script type=\"application\/ld+json\" class=\"yoast-schema-graph\">{\"@context\":\"https:\/\/schema.org\",\"@graph\":[{\"@type\":\"WebPage\",\"@id\":\"https:\/\/osteriadagianni.es\/index.php\/about-us\/\",\"url\":\"https:\/\/osteriadagianni.es\/index.php\/about-us\/\",\"name\":\"Sobre nosotros - Osteria Da Gianni\",\"isPartOf\":{\"@id\":\"https:\/\/osteriadagianni.es\/#website\"},\"primaryImageOfPage\":{\"@id\":\"https:\/\/osteriadagianni.es\/index.php\/about-us\/#primaryimage\"},\"image\":{\"@id\":\"https:\/\/osteriadagianni.es\/index.php\/about-us\/#primaryimage\"},\"thumbnailUrl\":\"https:\/\/osteriadagianni.es\/wp-content\/uploads\/2025\/05\/chef-800x600-1.jpg\",\"datePublished\":\"2025-05-01T19:12:15+00:00\",\"dateModified\":\"2025-06-21T19:10:42+00:00\",\"breadcrumb\":{\"@id\":\"https:\/\/osteriadagianni.es\/index.php\/about-us\/#breadcrumb\"},\"inLanguage\":\"es\",\"potentialAction\":[{\"@type\":\"ReadAction\",\"target\":[\"https:\/\/osteriadagianni.es\/index.php\/about-us\/\"]}]},{\"@type\":\"ImageObject\",\"inLanguage\":\"es\",\"@id\":\"https:\/\/osteriadagianni.es\/index.php\/about-us\/#primaryimage\",\"url\":\"https:\/\/osteriadagianni.es\/wp-content\/uploads\/2025\/05\/chef-800x600-1.jpg\",\"contentUrl\":\"https:\/\/osteriadagianni.es\/wp-content\/uploads\/2025\/05\/chef-800x600-1.jpg\",\"width\":600,\"height\":800,\"caption\":\"Chef Da Gianni\"},{\"@type\":\"BreadcrumbList\",\"@id\":\"https:\/\/osteriadagianni.es\/index.php\/about-us\/#breadcrumb\",\"itemListElement\":[{\"@type\":\"ListItem\",\"position\":1,\"name\":\"Portada\",\"item\":\"https:\/\/osteriadagianni.es\/\"},{\"@type\":\"ListItem\",\"position\":2,\"name\":\"Sobre nosotros\"}]},{\"@type\":\"WebSite\",\"@id\":\"https:\/\/osteriadagianni.es\/#website\",\"url\":\"https:\/\/osteriadagianni.es\/\",\"name\":\"Osteria Da Gianni\",\"description\":\"Osteria italiana\",\"publisher\":{\"@id\":\"https:\/\/osteriadagianni.es\/#organization\"},\"potentialAction\":[{\"@type\":\"SearchAction\",\"target\":{\"@type\":\"EntryPoint\",\"urlTemplate\":\"https:\/\/osteriadagianni.es\/?s={search_term_string}\"},\"query-input\":{\"@type\":\"PropertyValueSpecification\",\"valueRequired\":true,\"valueName\":\"search_term_string\"}}],\"inLanguage\":\"es\"},{\"@type\":\"Organization\",\"@id\":\"https:\/\/osteriadagianni.es\/#organization\",\"name\":\"Osteria Da Gianni\",\"url\":\"https:\/\/osteriadagianni.es\/\",\"logo\":{\"@type\":\"ImageObject\",\"inLanguage\":\"es\",\"@id\":\"https:\/\/osteriadagianni.es\/#\/schema\/logo\/image\/\",\"url\":\"https:\/\/osteriadagianni.es\/wp-content\/uploads\/2025\/04\/Disen\u0303o-sin-ti\u0301tulo-e1747928217381.png\",\"contentUrl\":\"https:\/\/osteriadagianni.es\/wp-content\/uploads\/2025\/04\/Disen\u0303o-sin-ti\u0301tulo-e1747928217381.png\",\"width\":920,\"height\":231,\"caption\":\"Osteria Da Gianni\"},\"image\":{\"@id\":\"https:\/\/osteriadagianni.es\/#\/schema\/logo\/image\/\"},\"sameAs\":[\"https:\/\/www.instagram.com\/osteriadagiannivlc\/\"]}]}<\/script>\n<!-- \/ Yoast SEO plugin. -->","yoast_head_json":{"title":"Sobre nosotros - Osteria Da Gianni","robots":{"index":"index","follow":"follow","max-snippet":"max-snippet:-1","max-image-preview":"max-image-preview:large","max-video-preview":"max-video-preview:-1"},"canonical":"https:\/\/osteriadagianni.es\/index.php\/about-us\/","og_locale":"es_ES","og_type":"article","og_title":"Sobre nosotros - Osteria Da Gianni","og_description":"Nuestra historia alla Gianni Tradici\u00f3n italiana, momentos que se saborean. Desde el primer d\u00eda, so\u00f1amos con algo simple pero poderoso: traer a Valencia el alma de una osteria italiana. Un lugar donde la pasta se sirve en sart\u00e9n, las mesas est\u00e1n cerquita y la comida se comparte con vino, risas y buena compa\u00f1\u00eda. Cada plato [&hellip;]","og_url":"https:\/\/osteriadagianni.es\/index.php\/about-us\/","og_site_name":"Osteria Da Gianni","article_modified_time":"2025-06-21T19:10:42+00:00","og_image":[{"width":600,"height":800,"url":"https:\/\/osteriadagianni.es\/wp-content\/uploads\/2025\/05\/chef-800x600-1.jpg","type":"image\/jpeg"}],"twitter_card":"summary_large_image","twitter_misc":{"Tiempo de lectura":"2 minutos"},"schema":{"@context":"https:\/\/schema.org","@graph":[{"@type":"WebPage","@id":"https:\/\/osteriadagianni.es\/index.php\/about-us\/","url":"https:\/\/osteriadagianni.es\/index.php\/about-us\/","name":"Sobre nosotros - Osteria Da Gianni","isPartOf":{"@id":"https:\/\/osteriadagianni.es\/#website"},"primaryImageOfPage":{"@id":"https:\/\/osteriadagianni.es\/index.php\/about-us\/#primaryimage"},"image":{"@id":"https:\/\/osteriadagianni.es\/index.php\/about-us\/#primaryimage"},"thumbnailUrl":"https:\/\/osteriadagianni.es\/wp-content\/uploads\/2025\/05\/chef-800x600-1.jpg","datePublished":"2025-05-01T19:12:15+00:00","dateModified":"2025-06-21T19:10:42+00:00","breadcrumb":{"@id":"https:\/\/osteriadagianni.es\/index.php\/about-us\/#breadcrumb"},"inLanguage":"es","potentialAction":[{"@type":"ReadAction","target":["https:\/\/osteriadagianni.es\/index.php\/about-us\/"]}]},{"@type":"ImageObject","inLanguage":"es","@id":"https:\/\/osteriadagianni.es\/index.php\/about-us\/#primaryimage","url":"https:\/\/osteriadagianni.es\/wp-content\/uploads\/2025\/05\/chef-800x600-1.jpg","contentUrl":"https:\/\/osteriadagianni.es\/wp-content\/uploads\/2025\/05\/chef-800x600-1.jpg","width":600,"height":800,"caption":"Chef Da Gianni"},{"@type":"BreadcrumbList","@id":"https:\/\/osteriadagianni.es\/index.php\/about-us\/#breadcrumb","itemListElement":[{"@type":"ListItem","position":1,"name":"Portada","item":"https:\/\/osteriadagianni.es\/"},{"@type":"ListItem","position":2,"name":"Sobre nosotros"}]},{"@type":"WebSite","@id":"https:\/\/osteriadagianni.es\/#website","url":"https:\/\/osteriadagianni.es\/","name":"Osteria Da Gianni","description":"Osteria italiana","publisher":{"@id":"https:\/\/osteriadagianni.es\/#organization"},"potentialAction":[{"@type":"SearchAction","target":{"@type":"EntryPoint","urlTemplate":"https:\/\/osteriadagianni.es\/?s={search_term_string}"},"query-input":{"@type":"PropertyValueSpecification","valueRequired":true,"valueName":"search_term_string"}}],"inLanguage":"es"},{"@type":"Organization","@id":"https:\/\/osteriadagianni.es\/#organization","name":"Osteria Da Gianni","url":"https:\/\/osteriadagianni.es\/","logo":{"@type":"ImageObject","inLanguage":"es","@id":"https:\/\/osteriadagianni.es\/#\/schema\/logo\/image\/","url":"https:\/\/osteriadagianni.es\/wp-content\/uploads\/2025\/04\/Disen\u0303o-sin-ti\u0301tulo-e1747928217381.png","contentUrl":"https:\/\/osteriadagianni.es\/wp-content\/uploads\/2025\/04\/Disen\u0303o-sin-ti\u0301tulo-e1747928217381.png","width":920,"height":231,"caption":"Osteria Da Gianni"},"image":{"@id":"https:\/\/osteriadagianni.es\/#\/schema\/logo\/image\/"},"sameAs":["https:\/\/www.instagram.com\/osteriadagiannivlc\/"]}]}},"_links":{"self":[{"href":"https:\/\/osteriadagianni.es\/index.php\/wp-json\/wp\/v2\/pages\/48","targetHints":{"allow":["GET"]}}],"collection":[{"href":"https:\/\/osteriadagianni.es\/index.php\/wp-json\/wp\/v2\/pages"}],"about":[{"href":"https:\/\/osteriadagianni.es\/index.php\/wp-json\/wp\/v2\/types\/page"}],"author":[{"embeddable":true,"href":"https:\/\/osteriadagianni.es\/index.php\/wp-json\/wp\/v2\/users\/1"}],"replies":[{"embeddable":true,"href":"https:\/\/osteriadagianni.es\/index.php\/wp-json\/wp\/v2\/comments?post=48"}],"version-history":[{"count":52,"href":"https:\/\/osteriadagianni.es\/index.php\/wp-json\/wp\/v2\/pages\/48\/revisions"}],"predecessor-version":[{"id":616,"href":"https:\/\/osteriadagianni.es\/index.php\/wp-json\/wp\/v2\/pages\/48\/revisions\/616"}],"wp:attachment":[{"href":"https:\/\/osteriadagianni.es\/index.php\/wp-json\/wp\/v2\/media?parent=48"}],"curies":[{"name":"wp","href":"https:\/\/api.w.org\/{rel}","templated":true}]}}